{"id":11,"date":"2019-10-01T12:09:47","date_gmt":"2019-10-01T12:09:47","guid":{"rendered":"https:\/\/ld-wp73.template-help.com\/wordpress\/prod_5718\/v2\/?page_id=11"},"modified":"2020-11-19T10:25:56","modified_gmt":"2020-11-19T10:25:56","slug":"praxis","status":"publish","type":"page","link":"https:\/\/gantert-physio.de\/en\/praxis\/","title":{"rendered":"Practice"},"content":{"rendered":"<div data-elementor-type=\"wp-page\" data-elementor-id=\"11\" class=\"elementor elementor-11\">\n\t\t\t\t\t\t<section class=\"elementor-section elementor-top-section elementor-element elementor-element-5b75ff1 elementor-section-boxed elementor-section-height-default elementor-section-height-default\" data-id=\"5b75ff1\" data-element_type=\"section\" data-settings=\"{&quot;jet_parallax_layout_list&quot;:[{&quot;jet_parallax_layout_image&quot;:{&quot;url&quot;:&quot;&quot;,&quot;id&quot;:&quot;&quot;,&quot;size&quot;:&quot;&quot;},&quot;_id&quot;:&quot;e342b6e&quot;,&quot;jet_parallax_layout_image_tablet&quot;:{&quot;url&quot;:&quot;&quot;,&quot;id&quot;:&quot;&quot;,&quot;size&quot;:&quot;&quot;},&quot;jet_parallax_layout_image_mobile&quot;:{&quot;url&quot;:&quot;&quot;,&quot;id&quot;:&quot;&quot;,&quot;size&quot;:&quot;&quot;},&quot;jet_parallax_layout_speed&quot;:{&quot;unit&quot;:&quot;%&quot;,&quot;size&quot;:50,&quot;sizes&quot;:[]},&quot;jet_parallax_layout_type&quot;:&quot;scroll&quot;,&quot;jet_parallax_layout_direction&quot;:&quot;1&quot;,&quot;jet_parallax_layout_fx_direction&quot;:null,&quot;jet_parallax_layout_z_index&quot;:&quot;&quot;,&quot;jet_parallax_layout_bg_x&quot;:50,&quot;jet_parallax_layout_bg_x_tablet&quot;:&quot;&quot;,&quot;jet_parallax_layout_bg_x_mobile&quot;:&quot;&quot;,&quot;jet_parallax_layout_bg_y&quot;:50,&quot;jet_parallax_layout_bg_y_tablet&quot;:&quot;&quot;,&quot;jet_parallax_layout_bg_y_mobile&quot;:&quot;&quot;,&quot;jet_parallax_layout_bg_size&quot;:&quot;auto&quot;,&quot;jet_parallax_layout_bg_size_tablet&quot;:&quot;&quot;,&quot;jet_parallax_layout_bg_size_mobile&quot;:&quot;&quot;,&quot;jet_parallax_layout_animation_prop&quot;:&quot;transform&quot;,&quot;jet_parallax_layout_on&quot;:[&quot;desktop&quot;,&quot;tablet&quot;]}],&quot;background_background&quot;:&quot;classic&quot;}\">\n\t\t\t\t\t\t<div class=\"elementor-container elementor-column-gap-no\">\n\t\t\t\t\t<div class=\"elementor-column elementor-col-100 elementor-top-column elementor-element elementor-element-cb40bfc\" data-id=\"cb40bfc\" data-element_type=\"column\">\n\t\t\t<div class=\"elementor-widget-wrap elementor-element-populated\">\n\t\t\t\t\t\t<div class=\"elementor-element elementor-element-7726617 elementor-widget__width-initial elementor-widget elementor-widget-heading\" data-id=\"7726617\" data-element_type=\"widget\" data-widget_type=\"heading.default\">\n\t\t\t\t<div class=\"elementor-widget-container\">\n\t\t\t\t\t<h1 class=\"elementor-heading-title elementor-size-default\">Practice<\/h1>\t\t\t\t<\/div>\n\t\t\t\t<\/div>\n\t\t\t\t\t<\/div>\n\t\t<\/div>\n\t\t\t\t\t<\/div>\n\t\t<\/section>\n\t\t\t\t<section class=\"elementor-section elementor-top-section elementor-element elementor-element-c687e72 elementor-section-boxed elementor-section-height-default elementor-section-height-default\" data-id=\"c687e72\" data-element_type=\"section\" data-settings=\"{&quot;jet_parallax_layout_list&quot;:[{&quot;jet_parallax_layout_image&quot;:{&quot;url&quot;:&quot;&quot;,&quot;id&quot;:&quot;&quot;,&quot;size&quot;:&quot;&quot;},&quot;_id&quot;:&quot;3d3b2ac&quot;,&quot;jet_parallax_layout_image_tablet&quot;:{&quot;url&quot;:&quot;&quot;,&quot;id&quot;:&quot;&quot;,&quot;size&quot;:&quot;&quot;},&quot;jet_parallax_layout_image_mobile&quot;:{&quot;url&quot;:&quot;&quot;,&quot;id&quot;:&quot;&quot;,&quot;size&quot;:&quot;&quot;},&quot;jet_parallax_layout_speed&quot;:{&quot;unit&quot;:&quot;%&quot;,&quot;size&quot;:50,&quot;sizes&quot;:[]},&quot;jet_parallax_layout_type&quot;:&quot;scroll&quot;,&quot;jet_parallax_layout_direction&quot;:&quot;1&quot;,&quot;jet_parallax_layout_fx_direction&quot;:null,&quot;jet_parallax_layout_z_index&quot;:&quot;&quot;,&quot;jet_parallax_layout_bg_x&quot;:50,&quot;jet_parallax_layout_bg_x_tablet&quot;:&quot;&quot;,&quot;jet_parallax_layout_bg_x_mobile&quot;:&quot;&quot;,&quot;jet_parallax_layout_bg_y&quot;:50,&quot;jet_parallax_layout_bg_y_tablet&quot;:&quot;&quot;,&quot;jet_parallax_layout_bg_y_mobile&quot;:&quot;&quot;,&quot;jet_parallax_layout_bg_size&quot;:&quot;auto&quot;,&quot;jet_parallax_layout_bg_size_tablet&quot;:&quot;&quot;,&quot;jet_parallax_layout_bg_size_mobile&quot;:&quot;&quot;,&quot;jet_parallax_layout_animation_prop&quot;:&quot;transform&quot;,&quot;jet_parallax_layout_on&quot;:[&quot;desktop&quot;,&quot;tablet&quot;]}],&quot;background_background&quot;:&quot;classic&quot;}\">\n\t\t\t\t\t\t<div class=\"elementor-container elementor-column-gap-no\">\n\t\t\t\t\t<div class=\"elementor-column elementor-col-100 elementor-top-column elementor-element elementor-element-9c7ff50\" data-id=\"9c7ff50\" data-element_type=\"column\">\n\t\t\t<div class=\"elementor-widget-wrap elementor-element-populated\">\n\t\t\t\t\t\t<section class=\"elementor-section elementor-inner-section elementor-element elementor-element-cb09ddd elementor-section-boxed elementor-section-height-default elementor-section-height-default\" data-id=\"cb09ddd\" data-element_type=\"section\" data-settings=\"{&quot;jet_parallax_layout_list&quot;:[{&quot;jet_parallax_layout_image&quot;:{&quot;url&quot;:&quot;&quot;,&quot;id&quot;:&quot;&quot;,&quot;size&quot;:&quot;&quot;},&quot;_id&quot;:&quot;5c93fa0&quot;,&quot;jet_parallax_layout_image_tablet&quot;:{&quot;url&quot;:&quot;&quot;,&quot;id&quot;:&quot;&quot;,&quot;size&quot;:&quot;&quot;},&quot;jet_parallax_layout_image_mobile&quot;:{&quot;url&quot;:&quot;&quot;,&quot;id&quot;:&quot;&quot;,&quot;size&quot;:&quot;&quot;},&quot;jet_parallax_layout_speed&quot;:{&quot;unit&quot;:&quot;%&quot;,&quot;size&quot;:50,&quot;sizes&quot;:[]},&quot;jet_parallax_layout_type&quot;:&quot;scroll&quot;,&quot;jet_parallax_layout_direction&quot;:&quot;1&quot;,&quot;jet_parallax_layout_fx_direction&quot;:null,&quot;jet_parallax_layout_z_index&quot;:&quot;&quot;,&quot;jet_parallax_layout_bg_x&quot;:50,&quot;jet_parallax_layout_bg_x_tablet&quot;:&quot;&quot;,&quot;jet_parallax_layout_bg_x_mobile&quot;:&quot;&quot;,&quot;jet_parallax_layout_bg_y&quot;:50,&quot;jet_parallax_layout_bg_y_tablet&quot;:&quot;&quot;,&quot;jet_parallax_layout_bg_y_mobile&quot;:&quot;&quot;,&quot;jet_parallax_layout_bg_size&quot;:&quot;auto&quot;,&quot;jet_parallax_layout_bg_size_tablet&quot;:&quot;&quot;,&quot;jet_parallax_layout_bg_size_mobile&quot;:&quot;&quot;,&quot;jet_parallax_layout_animation_prop&quot;:&quot;transform&quot;,&quot;jet_parallax_layout_on&quot;:[&quot;desktop&quot;,&quot;tablet&quot;]}]}\">\n\t\t\t\t\t\t<div class=\"elementor-container elementor-column-gap-default\">\n\t\t\t\t\t<div class=\"elementor-column elementor-col-50 elementor-inner-column elementor-element elementor-element-75da5b5\" data-id=\"75da5b5\" data-element_type=\"column\">\n\t\t\t<div class=\"elementor-widget-wrap elementor-element-populated\">\n\t\t\t\t\t\t<div class=\"elementor-element elementor-element-3174479 elementor-widget elementor-widget-text-editor\" data-id=\"3174479\" data-element_type=\"widget\" data-widget_type=\"text-editor.default\">\n\t\t\t\t<div class=\"elementor-widget-container\">\n\t\t\t\t\t\t\t\t\t<p>Welcome to our practice in Heidelberg Weststadt, Rohrbacher Stra\u00dfe 26. With more than 100 sqm, we offer you a location for wellbeing and healing.<\/p><p>Die Praxis liegt im Zentrum der Heidelberger Weststadt und ist sowohl zu Fu\u00df, mit dem Bus (Haltestelle Hans-B\u00f6ckler-Stra\u00dfe, ca. 1 Minute Fu\u00dfweg) oder mit dem Auto gut zu erreichen. Exklusive Praxisparkpl\u00e4tze stehen Ihnen vor dem Praxisgeb\u00e4ude zur Verf\u00fcgung.<\/p><p>The practice is located at the ground floor and can be entered with a few small steps. If you own a wheelchair, please register in advance.<\/p><p>For you convience, we offer you a generous training studio and individual therapy rooms.<\/p>\t\t\t\t\t\t\t\t<\/div>\n\t\t\t\t<\/div>\n\t\t\t\t\t<\/div>\n\t\t<\/div>\n\t\t\t\t<div class=\"elementor-column elementor-col-50 elementor-inner-column elementor-element elementor-element-800e722\" data-id=\"800e722\" data-element_type=\"column\">\n\t\t\t<div class=\"elementor-widget-wrap\">\n\t\t\t\t\t\t\t<\/div>\n\t\t<\/div>\n\t\t\t\t\t<\/div>\n\t\t<\/section>\n\t\t\t\t<div class=\"elementor-element elementor-element-c747377 elementor-widget elementor-widget-spacer\" data-id=\"c747377\" data-element_type=\"widget\" data-widget_type=\"spacer.default\">\n\t\t\t\t<div class=\"elementor-widget-container\">\n\t\t\t\t\t\t\t<div class=\"elementor-spacer\">\n\t\t\t<div class=\"elementor-spacer-inner\"><\/div>\n\t\t<\/div>\n\t\t\t\t\t\t<\/div>\n\t\t\t\t<\/div>\n\t\t\t\t<div class=\"elementor-element elementor-element-1092b86 elementor-widget elementor-widget-spacer\" data-id=\"1092b86\" data-element_type=\"widget\" data-widget_type=\"spacer.default\">\n\t\t\t\t<div class=\"elementor-widget-container\">\n\t\t\t\t\t\t\t<div class=\"elementor-spacer\">\n\t\t\t<div class=\"elementor-spacer-inner\"><\/div>\n\t\t<\/div>\n\t\t\t\t\t\t<\/div>\n\t\t\t\t<\/div>\n\t\t\t\t\t<\/div>\n\t\t<\/div>\n\t\t\t\t\t<\/div>\n\t\t<\/section>\n\t\t\t\t<section class=\"elementor-section elementor-top-section elementor-element elementor-element-292ae5f elementor-section-boxed elementor-section-height-default elementor-section-height-default\" data-id=\"292ae5f\" data-element_type=\"section\" data-settings=\"{&quot;jet_parallax_layout_list&quot;:[{&quot;jet_parallax_layout_image&quot;:{&quot;url&quot;:&quot;&quot;,&quot;id&quot;:&quot;&quot;,&quot;size&quot;:&quot;&quot;},&quot;_id&quot;:&quot;ecfe03f&quot;,&quot;jet_parallax_layout_image_tablet&quot;:{&quot;url&quot;:&quot;&quot;,&quot;id&quot;:&quot;&quot;,&quot;size&quot;:&quot;&quot;},&quot;jet_parallax_layout_image_mobile&quot;:{&quot;url&quot;:&quot;&quot;,&quot;id&quot;:&quot;&quot;,&quot;size&quot;:&quot;&quot;},&quot;jet_parallax_layout_speed&quot;:{&quot;unit&quot;:&quot;%&quot;,&quot;size&quot;:50,&quot;sizes&quot;:[]},&quot;jet_parallax_layout_type&quot;:&quot;scroll&quot;,&quot;jet_parallax_layout_direction&quot;:&quot;1&quot;,&quot;jet_parallax_layout_fx_direction&quot;:null,&quot;jet_parallax_layout_z_index&quot;:&quot;&quot;,&quot;jet_parallax_layout_bg_x&quot;:50,&quot;jet_parallax_layout_bg_x_tablet&quot;:&quot;&quot;,&quot;jet_parallax_layout_bg_x_mobile&quot;:&quot;&quot;,&quot;jet_parallax_layout_bg_y&quot;:50,&quot;jet_parallax_layout_bg_y_tablet&quot;:&quot;&quot;,&quot;jet_parallax_layout_bg_y_mobile&quot;:&quot;&quot;,&quot;jet_parallax_layout_bg_size&quot;:&quot;auto&quot;,&quot;jet_parallax_layout_bg_size_tablet&quot;:&quot;&quot;,&quot;jet_parallax_layout_bg_size_mobile&quot;:&quot;&quot;,&quot;jet_parallax_layout_animation_prop&quot;:&quot;transform&quot;,&quot;jet_parallax_layout_on&quot;:[&quot;desktop&quot;,&quot;tablet&quot;]}]}\">\n\t\t\t\t\t\t<div class=\"elementor-container elementor-column-gap-default\">\n\t\t\t\t\t<div class=\"elementor-column elementor-col-100 elementor-top-column elementor-element elementor-element-a4196ec\" data-id=\"a4196ec\" data-element_type=\"column\">\n\t\t\t<div class=\"elementor-widget-wrap elementor-element-populated\">\n\t\t\t\t\t\t<div class=\"elementor-element elementor-element-0e5d548 gallery-spacing-custom elementor-widget elementor-widget-image-gallery\" data-id=\"0e5d548\" data-element_type=\"widget\" data-widget_type=\"image-gallery.default\">\n\t\t\t\t<div class=\"elementor-widget-container\">\n\t\t\t\t\t\t\t<div class=\"elementor-image-gallery\">\n\t\t\t<div id='gallery-1' class='gallery galleryid-11 gallery-columns-3 gallery-size-full'><figure class='gallery-item'>\n\t\t\t<div class='gallery-icon landscape'>\n\t\t\t\t<a data-elementor-open-lightbox=\"yes\" data-elementor-lightbox-slideshow=\"0e5d548\" data-elementor-lightbox-title=\"Gantert,PHYSIO_031\" data-e-action-hash=\"#elementor-action%3Aaction%3Dlightbox%26settings%3DeyJpZCI6OTYzLCJ1cmwiOiJodHRwczpcL1wvZ2FudGVydC1waHlzaW8uZGVcL3dwLWNvbnRlbnRcL3VwbG9hZHNcLzIwMjBcLzExXC9HYW50ZXJ0UEhZU0lPXzAzMS5qcGciLCJzbGlkZXNob3ciOiIwZTVkNTQ4In0%3D\" href='https:\/\/gantert-physio.de\/wp-content\/uploads\/2020\/11\/GantertPHYSIO_031.jpg'><img fetchpriority=\"high\" decoding=\"async\" width=\"2362\" height=\"1577\" src=\"https:\/\/gantert-physio.de\/wp-content\/uploads\/2020\/11\/GantertPHYSIO_031.jpg\" class=\"attachment-full size-full\" alt=\"\" srcset=\"https:\/\/gantert-physio.de\/wp-content\/uploads\/2020\/11\/GantertPHYSIO_031.jpg 2362w, https:\/\/gantert-physio.de\/wp-content\/uploads\/2020\/11\/GantertPHYSIO_031-300x200.jpg 300w, https:\/\/gantert-physio.de\/wp-content\/uploads\/2020\/11\/GantertPHYSIO_031-1024x684.jpg 1024w, https:\/\/gantert-physio.de\/wp-content\/uploads\/2020\/11\/GantertPHYSIO_031-768x513.jpg 768w, https:\/\/gantert-physio.de\/wp-content\/uploads\/2020\/11\/GantertPHYSIO_031-1536x1026.jpg 1536w, https:\/\/gantert-physio.de\/wp-content\/uploads\/2020\/11\/GantertPHYSIO_031-2048x1367.jpg 2048w, https:\/\/gantert-physio.de\/wp-content\/uploads\/2020\/11\/GantertPHYSIO_031-16x12.jpg 16w, https:\/\/gantert-physio.de\/wp-content\/uploads\/2020\/11\/GantertPHYSIO_031-600x401.jpg 600w\" sizes=\"(max-width: 2362px) 100vw, 2362px\" \/><\/a>\n\t\t\t<\/div><\/figure><figure class='gallery-item'>\n\t\t\t<div class='gallery-icon landscape'>\n\t\t\t\t<a data-elementor-open-lightbox=\"yes\" data-elementor-lightbox-slideshow=\"0e5d548\" data-elementor-lightbox-title=\"Gantert,PHYSIO_037\" data-e-action-hash=\"#elementor-action%3Aaction%3Dlightbox%26settings%3DeyJpZCI6OTY0LCJ1cmwiOiJodHRwczpcL1wvZ2FudGVydC1waHlzaW8uZGVcL3dwLWNvbnRlbnRcL3VwbG9hZHNcLzIwMjBcLzExXC9HYW50ZXJ0UEhZU0lPXzAzNy5qcGciLCJzbGlkZXNob3ciOiIwZTVkNTQ4In0%3D\" href='https:\/\/gantert-physio.de\/wp-content\/uploads\/2020\/11\/GantertPHYSIO_037.jpg'><img decoding=\"async\" width=\"2323\" height=\"1549\" src=\"https:\/\/gantert-physio.de\/wp-content\/uploads\/2020\/11\/GantertPHYSIO_037.jpg\" class=\"attachment-full size-full\" alt=\"\" srcset=\"https:\/\/gantert-physio.de\/wp-content\/uploads\/2020\/11\/GantertPHYSIO_037.jpg 2323w, https:\/\/gantert-physio.de\/wp-content\/uploads\/2020\/11\/GantertPHYSIO_037-300x200.jpg 300w, https:\/\/gantert-physio.de\/wp-content\/uploads\/2020\/11\/GantertPHYSIO_037-1024x683.jpg 1024w, https:\/\/gantert-physio.de\/wp-content\/uploads\/2020\/11\/GantertPHYSIO_037-768x512.jpg 768w, https:\/\/gantert-physio.de\/wp-content\/uploads\/2020\/11\/GantertPHYSIO_037-1536x1024.jpg 1536w, https:\/\/gantert-physio.de\/wp-content\/uploads\/2020\/11\/GantertPHYSIO_037-2048x1366.jpg 2048w, https:\/\/gantert-physio.de\/wp-content\/uploads\/2020\/11\/GantertPHYSIO_037-16x12.jpg 16w, https:\/\/gantert-physio.de\/wp-content\/uploads\/2020\/11\/GantertPHYSIO_037-600x400.jpg 600w\" sizes=\"(max-width: 2323px) 100vw, 2323px\" \/><\/a>\n\t\t\t<\/div><\/figure><figure class='gallery-item'>\n\t\t\t<div class='gallery-icon landscape'>\n\t\t\t\t<a data-elementor-open-lightbox=\"yes\" data-elementor-lightbox-slideshow=\"0e5d548\" data-elementor-lightbox-title=\"Gantert,PHYSIO_051\" data-e-action-hash=\"#elementor-action%3Aaction%3Dlightbox%26settings%3DeyJpZCI6OTY1LCJ1cmwiOiJodHRwczpcL1wvZ2FudGVydC1waHlzaW8uZGVcL3dwLWNvbnRlbnRcL3VwbG9hZHNcLzIwMjBcLzExXC9HYW50ZXJ0UEhZU0lPXzA1MS5qcGciLCJzbGlkZXNob3ciOiIwZTVkNTQ4In0%3D\" href='https:\/\/gantert-physio.de\/wp-content\/uploads\/2020\/11\/GantertPHYSIO_051.jpg'><img decoding=\"async\" width=\"2362\" height=\"1577\" src=\"https:\/\/gantert-physio.de\/wp-content\/uploads\/2020\/11\/GantertPHYSIO_051.jpg\" class=\"attachment-full size-full\" alt=\"\" srcset=\"https:\/\/gantert-physio.de\/wp-content\/uploads\/2020\/11\/GantertPHYSIO_051.jpg 2362w, https:\/\/gantert-physio.de\/wp-content\/uploads\/2020\/11\/GantertPHYSIO_051-300x200.jpg 300w, https:\/\/gantert-physio.de\/wp-content\/uploads\/2020\/11\/GantertPHYSIO_051-1024x684.jpg 1024w, https:\/\/gantert-physio.de\/wp-content\/uploads\/2020\/11\/GantertPHYSIO_051-768x513.jpg 768w, https:\/\/gantert-physio.de\/wp-content\/uploads\/2020\/11\/GantertPHYSIO_051-1536x1026.jpg 1536w, https:\/\/gantert-physio.de\/wp-content\/uploads\/2020\/11\/GantertPHYSIO_051-2048x1367.jpg 2048w, https:\/\/gantert-physio.de\/wp-content\/uploads\/2020\/11\/GantertPHYSIO_051-16x12.jpg 16w, https:\/\/gantert-physio.de\/wp-content\/uploads\/2020\/11\/GantertPHYSIO_051-600x401.jpg 600w\" sizes=\"(max-width: 2362px) 100vw, 2362px\" \/><\/a>\n\t\t\t<\/div><\/figure><figure class='gallery-item'>\n\t\t\t<div class='gallery-icon landscape'>\n\t\t\t\t<a data-elementor-open-lightbox=\"yes\" data-elementor-lightbox-slideshow=\"0e5d548\" data-elementor-lightbox-title=\"Gantert,PHYSIO_071\" data-e-action-hash=\"#elementor-action%3Aaction%3Dlightbox%26settings%3DeyJpZCI6OTY2LCJ1cmwiOiJodHRwczpcL1wvZ2FudGVydC1waHlzaW8uZGVcL3dwLWNvbnRlbnRcL3VwbG9hZHNcLzIwMjBcLzExXC9HYW50ZXJ0UEhZU0lPXzA3MS0xLXNjYWxlZC5qcGciLCJzbGlkZXNob3ciOiIwZTVkNTQ4In0%3D\" href='https:\/\/gantert-physio.de\/wp-content\/uploads\/2020\/11\/GantertPHYSIO_071-1-scaled.jpg'><img loading=\"lazy\" decoding=\"async\" width=\"2560\" height=\"1709\" src=\"https:\/\/gantert-physio.de\/wp-content\/uploads\/2020\/11\/GantertPHYSIO_071-1-scaled.jpg\" class=\"attachment-full size-full\" alt=\"\" srcset=\"https:\/\/gantert-physio.de\/wp-content\/uploads\/2020\/11\/GantertPHYSIO_071-1-scaled.jpg 2560w, https:\/\/gantert-physio.de\/wp-content\/uploads\/2020\/11\/GantertPHYSIO_071-1-300x200.jpg 300w, https:\/\/gantert-physio.de\/wp-content\/uploads\/2020\/11\/GantertPHYSIO_071-1-1024x683.jpg 1024w, https:\/\/gantert-physio.de\/wp-content\/uploads\/2020\/11\/GantertPHYSIO_071-1-768x513.jpg 768w, https:\/\/gantert-physio.de\/wp-content\/uploads\/2020\/11\/GantertPHYSIO_071-1-1536x1025.jpg 1536w, https:\/\/gantert-physio.de\/wp-content\/uploads\/2020\/11\/GantertPHYSIO_071-1-2048x1367.jpg 2048w, https:\/\/gantert-physio.de\/wp-content\/uploads\/2020\/11\/GantertPHYSIO_071-1-16x12.jpg 16w, https:\/\/gantert-physio.de\/wp-content\/uploads\/2020\/11\/GantertPHYSIO_071-1-600x400.jpg 600w\" sizes=\"(max-width: 2560px) 100vw, 2560px\" \/><\/a>\n\t\t\t<\/div><\/figure><figure class='gallery-item'>\n\t\t\t<div class='gallery-icon landscape'>\n\t\t\t\t<a data-elementor-open-lightbox=\"yes\" data-elementor-lightbox-slideshow=\"0e5d548\" data-elementor-lightbox-title=\"Gantert,PHYSIO_081\" data-e-action-hash=\"#elementor-action%3Aaction%3Dlightbox%26settings%3DeyJpZCI6OTY3LCJ1cmwiOiJodHRwczpcL1wvZ2FudGVydC1waHlzaW8uZGVcL3dwLWNvbnRlbnRcL3VwbG9hZHNcLzIwMjBcLzExXC9HYW50ZXJ0UEhZU0lPXzA4MS1zY2FsZWQuanBnIiwic2xpZGVzaG93IjoiMGU1ZDU0OCJ9\" href='https:\/\/gantert-physio.de\/wp-content\/uploads\/2020\/11\/GantertPHYSIO_081-scaled.jpg'><img loading=\"lazy\" decoding=\"async\" width=\"2560\" height=\"1707\" src=\"https:\/\/gantert-physio.de\/wp-content\/uploads\/2020\/11\/GantertPHYSIO_081-scaled.jpg\" class=\"attachment-full size-full\" alt=\"\" srcset=\"https:\/\/gantert-physio.de\/wp-content\/uploads\/2020\/11\/GantertPHYSIO_081-scaled.jpg 2560w, https:\/\/gantert-physio.de\/wp-content\/uploads\/2020\/11\/GantertPHYSIO_081-300x200.jpg 300w, https:\/\/gantert-physio.de\/wp-content\/uploads\/2020\/11\/GantertPHYSIO_081-1024x683.jpg 1024w, https:\/\/gantert-physio.de\/wp-content\/uploads\/2020\/11\/GantertPHYSIO_081-768x512.jpg 768w, https:\/\/gantert-physio.de\/wp-content\/uploads\/2020\/11\/GantertPHYSIO_081-1536x1024.jpg 1536w, https:\/\/gantert-physio.de\/wp-content\/uploads\/2020\/11\/GantertPHYSIO_081-2048x1365.jpg 2048w, https:\/\/gantert-physio.de\/wp-content\/uploads\/2020\/11\/GantertPHYSIO_081-16x12.jpg 16w, https:\/\/gantert-physio.de\/wp-content\/uploads\/2020\/11\/GantertPHYSIO_081-600x400.jpg 600w\" sizes=\"(max-width: 2560px) 100vw, 2560px\" \/><\/a>\n\t\t\t<\/div><\/figure><figure class='gallery-item'>\n\t\t\t<div class='gallery-icon landscape'>\n\t\t\t\t<a data-elementor-open-lightbox=\"yes\" data-elementor-lightbox-slideshow=\"0e5d548\" data-elementor-lightbox-title=\"Gantert,PHYSIO_161\" data-e-action-hash=\"#elementor-action%3Aaction%3Dlightbox%26settings%3DeyJpZCI6OTY4LCJ1cmwiOiJodHRwczpcL1wvZ2FudGVydC1waHlzaW8uZGVcL3dwLWNvbnRlbnRcL3VwbG9hZHNcLzIwMjBcLzExXC9HYW50ZXJ0UEhZU0lPXzE2MS0xLmpwZyIsInNsaWRlc2hvdyI6IjBlNWQ1NDgifQ%3D%3D\" href='https:\/\/gantert-physio.de\/wp-content\/uploads\/2020\/11\/GantertPHYSIO_161-1.jpg'><img loading=\"lazy\" decoding=\"async\" width=\"2362\" height=\"1575\" src=\"https:\/\/gantert-physio.de\/wp-content\/uploads\/2020\/11\/GantertPHYSIO_161-1.jpg\" class=\"attachment-full size-full\" alt=\"\" srcset=\"https:\/\/gantert-physio.de\/wp-content\/uploads\/2020\/11\/GantertPHYSIO_161-1.jpg 2362w, https:\/\/gantert-physio.de\/wp-content\/uploads\/2020\/11\/GantertPHYSIO_161-1-300x200.jpg 300w, https:\/\/gantert-physio.de\/wp-content\/uploads\/2020\/11\/GantertPHYSIO_161-1-1024x683.jpg 1024w, https:\/\/gantert-physio.de\/wp-content\/uploads\/2020\/11\/GantertPHYSIO_161-1-768x512.jpg 768w, https:\/\/gantert-physio.de\/wp-content\/uploads\/2020\/11\/GantertPHYSIO_161-1-1536x1024.jpg 1536w, https:\/\/gantert-physio.de\/wp-content\/uploads\/2020\/11\/GantertPHYSIO_161-1-2048x1366.jpg 2048w, https:\/\/gantert-physio.de\/wp-content\/uploads\/2020\/11\/GantertPHYSIO_161-1-16x12.jpg 16w, https:\/\/gantert-physio.de\/wp-content\/uploads\/2020\/11\/GantertPHYSIO_161-1-600x400.jpg 600w\" sizes=\"(max-width: 2362px) 100vw, 2362px\" \/><\/a>\n\t\t\t<\/div><\/figure>\n\t\t<\/div>\n\t\t<\/div>\n\t\t\t\t\t\t<\/div>\n\t\t\t\t<\/div>\n\t\t\t\t\t<\/div>\n\t\t<\/div>\n\t\t\t\t\t<\/div>\n\t\t<\/section>\n\t\t\t\t<\/div>","protected":false},"excerpt":{"rendered":"<p>Praxis Willkommen in unserer Praxis in der Heidelberger Weststadt, Rohrbacher Stra\u00dfe 26. Auf \u00fcber 100 qm Praxisfl\u00e4che bieten wir Ihnen einen Ort zum Wohlf\u00fchlen und Gesundwerden. Die Praxis liegt im Zentrum der Heidelberger Weststadt und ist sowohl zu Fu\u00df, mit dem Bus (Haltestelle Hans-B\u00f6ckler-Stra\u00dfe, ca. 1 Minute Fu\u00dfweg) oder mit dem Auto gut zu erreichen. [&hellip;]<\/p>","protected":false},"author":1,"featured_media":0,"parent":0,"menu_order":0,"comment_status":"closed","ping_status":"closed","template":"page-templates\/fullwidth-content.php","meta":{"footnotes":""},"class_list":["post-11","page","type-page","status-publish","hentry"],"_links":{"self":[{"href":"https:\/\/gantert-physio.de\/en\/wp-json\/wp\/v2\/pages\/11","targetHints":{"allow":["GET"]}}],"collection":[{"href":"https:\/\/gantert-physio.de\/en\/wp-json\/wp\/v2\/pages"}],"about":[{"href":"https:\/\/gantert-physio.de\/en\/wp-json\/wp\/v2\/types\/page"}],"author":[{"embeddable":true,"href":"https:\/\/gantert-physio.de\/en\/wp-json\/wp\/v2\/users\/1"}],"replies":[{"embeddable":true,"href":"https:\/\/gantert-physio.de\/en\/wp-json\/wp\/v2\/comments?post=11"}],"version-history":[{"count":40,"href":"https:\/\/gantert-physio.de\/en\/wp-json\/wp\/v2\/pages\/11\/revisions"}],"predecessor-version":[{"id":1043,"href":"https:\/\/gantert-physio.de\/en\/wp-json\/wp\/v2\/pages\/11\/revisions\/1043"}],"wp:attachment":[{"href":"https:\/\/gantert-physio.de\/en\/wp-json\/wp\/v2\/media?parent=11"}],"curies":[{"name":"wp","href":"https:\/\/api.w.org\/{rel}","templated":true}]}}