{"id":804,"date":"2020-10-29T17:28:49","date_gmt":"2020-10-29T17:28:49","guid":{"rendered":"https:\/\/gantert-physio.de\/?page_id=804"},"modified":"2024-05-14T17:50:53","modified_gmt":"2024-05-14T17:50:53","slug":"impressum","status":"publish","type":"page","link":"https:\/\/gantert-physio.de\/en\/impressum\/","title":{"rendered":"Impressum"},"content":{"rendered":"<h3 class=\"wp-block-heading\"><strong>Anschrift<\/strong><\/h3>\n\n\n\n<p>Yannick Gantert<br>Rohrbacher Stra\u00dfe 26<br>69115 Heidelberg<\/p>\n\n\n\n<p>Tel.: +49 (0)6221 727 54 33<\/p>\n\n\n\n<h3 class=\"wp-block-heading has-medium-font-size\"><strong>Kontakt:<\/strong><\/h3>\n\n\n\n<p><a href=\"mailto:info@gantert-physio.de\">info@gantert-physio.de<\/a><\/p>\n\n\n\n<p>Berufsbezeichnung: Physiotherapeut<\/p>\n\n\n\n<p>Die Berufsurkunde wurde verliehen durch das Regierungspr\u00e4sidium Karlsruhe am 27.03.2015. \u2028Es gilt das MPhG ( Masseur- und Physiotherapeutengesetz), einsehbar unter Gesetze im Internet.\u2028Es gelten folgende berufsrechtliche Regelungen:<br>Regelungen einsehbar unter:&nbsp;<a href=\"http:\/\/www.gesetze-im-internet.de.\/mphg\/\">http:\/\/www.gesetze-im-internet.de.\/mphg\/<\/a><\/p>\n\n\n\n<p class=\"has-medium-font-size\"><strong>Aufsichtsbeh\u00f6rde:<\/strong><\/p>\n\n\n\n<p>Gesundheitsamt Heidelberg<\/p>\n\n\n\n<p><a href=\"http:\/\/www.rhein-neckar-kreis.de\">www.rhein-neckar-kreis.de<\/a><br><\/p>\n\n\n\n<p>Quelle: <em><a href=\"https:\/\/www.e-recht24.de\">https:\/\/www.e-recht24.de<\/a><\/em><\/p>\n\n\n\n<p><\/p>\n\n\n\n<h3 class=\"wp-block-heading\"><strong>Haftungsausschluss (Disclaimer)<\/strong><\/h3>\n\n\n\n<h4 class=\"wp-block-heading\"><\/h4>\n\n\n\n<h4 class=\"wp-block-heading\"><strong>Haftung f\u00fcr Links<\/strong><\/h4>\n\n\n\n<p>Unser Angebot enth\u00e4lt Links zu externen Webseiten Dritter, auf deren Inhalte wir keinen Einfluss haben. Deshalb k\u00f6nnen wir f\u00fcr diese fremden Inhalte auch keine Gew\u00e4hr \u00fcbernehmen. F\u00fcr die Inhalte der verlinkten Seiten ist stets der jeweilige Anbieter oder Betreiber der Seiten verantwortlich. Die verlinkten Seiten wurden zum Zeitpunkt der Verlinkung auf m\u00f6gliche Rechtsverst\u00f6\u00dfe \u00fcberpr\u00fcft. Rechtswidrige Inhalte waren zum Zeitpunkt der Verlinkung nicht erkennbar.<\/p>\n\n\n\n<p>Eine permanente inhaltliche Kontrolle der verlinkten Seiten ist jedoch ohne konkrete Anhaltspunkte einer Rechtsverletzung nicht zumutbar. Bei Bekanntwerden von Rechtsverletzungen werden wir derartige Links umgehend entfernen.<\/p>\n\n\n\n<h4 class=\"wp-block-heading\">Urheberrecht<\/h4>\n\n\n\n<p>Die durch die Seitenbetreiber erstellten Inhalte und Werke auf diesen Seiten unterliegen dem deutschen Urheberrecht. Die Vervielf\u00e4ltigung, Bearbeitung, Verbreitung und jede Art der Verwertung au\u00dferhalb der Grenzen des Urheberrechtes bed\u00fcrfen der schriftlichen Zustimmung des jeweiligen Autors bzw. Erstellers. Downloads und Kopien dieser Seite sind nur f\u00fcr den privaten, nicht kommerziellen Gebrauch gestattet.<\/p>\n\n\n\n<p>Soweit die Inhalte auf dieser Seite nicht vom Betreiber erstellt wurden, werden die Urheberrechte Dritter beachtet. Insbesondere werden Inhalte Dritter als solche gekennzeichnet. Sollten Sie trotzdem auf eine Urheberrechtsverletzung aufmerksam werden, bitten wir um einen entsprechenden Hinweis. Bei Bekanntwerden von Rechtsverletzungen werden wir derartige Inhalte umgehend entfernen.<\/p>","protected":false},"excerpt":{"rendered":"<p>Anschrift Yannick GantertRohrbacher Stra\u00dfe 2669115 Heidelberg Tel.: +49 (0)6221 727 54 33 Kontakt: info@gantert-physio.de Berufsbezeichnung: Physiotherapeut Die Berufsurkunde wurde verliehen durch das Regierungspr\u00e4sidium Karlsruhe am 27.03.2015. \u2028Es gilt das MPhG ( Masseur- und Physiotherapeutengesetz), einsehbar unter Gesetze im Internet.\u2028Es gelten folgende berufsrechtliche Regelungen:Regelungen einsehbar unter:&nbsp;http:\/\/www.gesetze-im-internet.de.\/mphg\/ Aufsichtsbeh\u00f6rde: Gesundheitsamt Heidelberg www.rhein-neckar-kreis.de Quelle: https:\/\/www.e-recht24.de Haftungsausschluss (Disclaimer) Haftung f\u00fcr [&hellip;]<\/p>","protected":false},"author":1,"featured_media":0,"parent":0,"menu_order":0,"comment_status":"closed","ping_status":"closed","template":"","meta":{"footnotes":""},"class_list":["post-804","page","type-page","status-publish","hentry"],"_links":{"self":[{"href":"https:\/\/gantert-physio.de\/en\/wp-json\/wp\/v2\/pages\/804","targetHints":{"allow":["GET"]}}],"collection":[{"href":"https:\/\/gantert-physio.de\/en\/wp-json\/wp\/v2\/pages"}],"about":[{"href":"https:\/\/gantert-physio.de\/en\/wp-json\/wp\/v2\/types\/page"}],"author":[{"embeddable":true,"href":"https:\/\/gantert-physio.de\/en\/wp-json\/wp\/v2\/users\/1"}],"replies":[{"embeddable":true,"href":"https:\/\/gantert-physio.de\/en\/wp-json\/wp\/v2\/comments?post=804"}],"version-history":[{"count":14,"href":"https:\/\/gantert-physio.de\/en\/wp-json\/wp\/v2\/pages\/804\/revisions"}],"predecessor-version":[{"id":1242,"href":"https:\/\/gantert-physio.de\/en\/wp-json\/wp\/v2\/pages\/804\/revisions\/1242"}],"wp:attachment":[{"href":"https:\/\/gantert-physio.de\/en\/wp-json\/wp\/v2\/media?parent=804"}],"curies":[{"name":"wp","href":"https:\/\/api.w.org\/{rel}","templated":true}]}}